{"id":373,"date":"2026-04-01T02:55:05","date_gmt":"2026-04-01T01:55:05","guid":{"rendered":"https:\/\/eifec-design.lifetech-website.vn\/?page_id=373"},"modified":"2026-04-01T17:00:24","modified_gmt":"2026-04-01T16:00:24","slug":"thiet-ke-va-thi-cong","status":"publish","type":"page","link":"https:\/\/eifec-design.lifetech-website.vn\/en\/thiet-ke-va-thi-cong\/","title":{"rendered":"Thi\u1ebft k\u1ebf v\u00e0 thi c\u00f4ng"},"content":{"rendered":"<div data-elementor-type=\"wp-page\" data-elementor-id=\"373\" class=\"elementor elementor-373\" data-elementor-post-type=\"page\">\n\t\t\t\t<div class=\"elementor-element elementor-element-00a198a e-flex e-con-boxed e-con e-parent\" data-id=\"00a198a\" data-element_type=\"container\" data-e-type=\"container\">\n\t\t\t\t\t<div class=\"e-con-inner\">\n\t\t<div class=\"elementor-element elementor-element-907fdff e-con-full e-flex e-con e-child\" data-id=\"907fdff\" data-element_type=\"container\" data-e-type=\"container\" data-settings=\"{&quot;background_background&quot;:&quot;classic&quot;}\">\n\t\t<div class=\"elementor-element elementor-element-6fe31d2 e-con-full e-flex e-con e-child\" data-id=\"6fe31d2\" data-element_type=\"container\" data-e-type=\"container\">\n\t\t\t\t<div class=\"elementor-element elementor-element-fa76b38 elementor-widget elementor-widget-heading\" data-id=\"fa76b38\" data-element_type=\"widget\" data-e-type=\"widget\" data-widget_type=\"heading.default\">\n\t\t\t\t\t<h2 class=\"elementor-heading-title elementor-size-default\">Thi\u1ebft k\u1ebf chi\u1ebfn l\u01b0\u1ee3c<br>Thi c\u00f4ng chu\u1ea9n qu\u1ed1c t\u1ebf<\/h2>\t\t\t\t<\/div>\n\t\t<div class=\"elementor-element elementor-element-f8ebf88 e-con-full e-flex e-con e-child\" data-id=\"f8ebf88\" data-element_type=\"container\" data-e-type=\"container\">\n\t\t\t\t<div class=\"elementor-element elementor-element-232889d elementor-widget__width-initial elementor-widget elementor-widget-button\" data-id=\"232889d\" data-element_type=\"widget\" data-e-type=\"widget\" data-widget_type=\"button.default\">\n\t\t\t\t\t\t\t\t\t\t<a class=\"elementor-button elementor-button-link elementor-size-sm\" href=\"#\">\n\t\t\t\t\t\t<span class=\"elementor-button-content-wrapper\">\n\t\t\t\t\t\t\t\t\t<span class=\"elementor-button-text\">TRAO \u0110\u1ed4I Y\u00caU  C\u1ea6U D\u1ef0 \u00c1N C\u00d9NG EIFEC<\/span>\n\t\t\t\t\t<\/span>\n\t\t\t\t\t<\/a>\n\t\t\t\t\t\t\t\t<\/div>\n\t\t\t\t<div class=\"elementor-element elementor-element-db6d3e7 elementor-align-center elementor-widget elementor-widget-button\" data-id=\"db6d3e7\" data-element_type=\"widget\" data-e-type=\"widget\" data-widget_type=\"button.default\">\n\t\t\t\t\t\t\t\t\t\t<a class=\"elementor-button elementor-button-link elementor-size-sm\" href=\"#\">\n\t\t\t\t\t\t<span class=\"elementor-button-content-wrapper\">\n\t\t\t\t\t\t\t\t\t<span class=\"elementor-button-text\">XEM D\u1ef0 \u00c1N TI\u00caU BI\u1ec2U<\/span>\n\t\t\t\t\t<\/span>\n\t\t\t\t\t<\/a>\n\t\t\t\t\t\t\t\t<\/div>\n\t\t\t\t<\/div>\n\t\t\t\t<\/div>\n\t\t\t\t<\/div>\n\t\t\t\t\t<\/div>\n\t\t\t\t<\/div>\n\t\t<div class=\"elementor-element elementor-element-b4eb4ba e-flex e-con-boxed e-con e-parent\" data-id=\"b4eb4ba\" data-element_type=\"container\" data-e-type=\"container\">\n\t\t\t\t\t<div class=\"e-con-inner\">\n\t\t\t\t<div class=\"elementor-element elementor-element-ff3f199 elementor-widget elementor-widget-n-accordion\" data-id=\"ff3f199\" data-element_type=\"widget\" data-e-type=\"widget\" data-settings=\"{&quot;default_state&quot;:&quot;all_collapsed&quot;,&quot;max_items_expended&quot;:&quot;one&quot;,&quot;n_accordion_animation_duration&quot;:{&quot;unit&quot;:&quot;ms&quot;,&quot;size&quot;:400,&quot;sizes&quot;:[]}}\" data-widget_type=\"nested-accordion.default\">\n\t\t\t\t\t\t\t<div class=\"e-n-accordion\" aria-label=\"Accordion. Open links with Enter or Space, close with Escape, and navigate with Arrow Keys\">\n\t\t\t\t\t\t<details id=\"e-n-accordion-item-2670\" class=\"e-n-accordion-item\" >\n\t\t\t\t<summary class=\"e-n-accordion-item-title\" data-accordion-index=\"1\" tabindex=\"0\" aria-expanded=\"false\" aria-controls=\"e-n-accordion-item-2670\" >\n\t\t\t\t\t<span class='e-n-accordion-item-title-header'><div class=\"e-n-accordion-item-title-text\"> L\u1ee3i th\u1ebf khi ch\u1ecdn Eifec <\/div><\/span>\n\t\t\t\t\t\t\t<span class='e-n-accordion-item-title-icon'>\n\t\t\t<span class='e-opened' ><svg aria-hidden=\"true\" class=\"e-font-icon-svg e-fas-chevron-up\" viewbox=\"0 0 448 512\" xmlns=\"http:\/\/www.w3.org\/2000\/svg\"><path d=\"M240.971 130.524l194.343 194.343c9.373 9.373 9.373 24.569 0 33.941l-22.667 22.667c-9.357 9.357-24.522 9.375-33.901.04L224 227.495 69.255 381.516c-9.379 9.335-24.544 9.317-33.901-.04l-22.667-22.667c-9.373-9.373-9.373-24.569 0-33.941L207.03 130.525c9.372-9.373 24.568-9.373 33.941-.001z\"><\/path><\/svg><\/span>\n\t\t\t<span class='e-closed'><svg aria-hidden=\"true\" class=\"e-font-icon-svg e-fas-chevron-down\" viewbox=\"0 0 448 512\" xmlns=\"http:\/\/www.w3.org\/2000\/svg\"><path d=\"M207.029 381.476L12.686 187.132c-9.373-9.373-9.373-24.569 0-33.941l22.667-22.667c9.357-9.357 24.522-9.375 33.901-.04L224 284.505l154.745-154.021c9.379-9.335 24.544-9.317 33.901.04l22.667 22.667c9.373 9.373 9.373 24.569 0 33.941L240.971 381.476c-9.373 9.372-24.569 9.372-33.942 0z\"><\/path><\/svg><\/span>\n\t\t<\/span>\n\n\t\t\t\t\t\t<\/summary>\n\t\t\t\t<div role=\"region\" aria-labelledby=\"e-n-accordion-item-2670\" class=\"elementor-element elementor-element-e9da292 e-con-full e-flex e-con e-child\" data-id=\"e9da292\" data-element_type=\"container\" data-e-type=\"container\">\n\t\t\t\t<div class=\"elementor-element elementor-element-91a4c50 elementor-widget elementor-widget-text-editor\" data-id=\"91a4c50\" data-element_type=\"widget\" data-e-type=\"widget\" data-widget_type=\"text-editor.default\">\n\t\t\t\t\t\t\t\t\t<ul><li>T\u01b0 v\u1ea5n m\u00f4 h\u00ecnh v\u00e0 \u0111\u1ecbnh h\u01b0\u1edbng tri\u1ec3n l\u00e3m chuy\u00ean ng\u00e0nh<\/li><li>\u0110\u1ed3ng t\u1ed5 ch\u1ee9c v\u00e0 \u0111i\u1ec1u ph\u1ed1i tri\u1ec3n khai theo ti\u00eau chu\u1ea9n qu\u1ed1c t\u1ebf<\/li><li>K\u1ebft n\u1ed1i doanh nghi\u1ec7p, hi\u1ec7p h\u1ed9i v\u00e0 c\u00e1c \u0111\u01a1n v\u1ecb li\u00ean quan<\/li><li>H\u1ed7 tr\u1ee3 truy\u1ec1n th\u00f4ng, khach m\u1eddi v\u00e0 ho\u1ea1t \u0111\u1ed9ng b\u00ean l\u1ec1<\/li><\/ul>\t\t\t\t\t\t\t\t<\/div>\n\t\t\t\t<\/div>\n\t\t\t\t\t<\/details>\n\t\t\t\t\t<\/div>\n\t\t\t\t\t\t<\/div>\n\t\t\t\t\t<\/div>\n\t\t\t\t<\/div>\n\t\t<div class=\"elementor-element elementor-element-474e6b2 e-flex e-con-boxed e-con e-parent\" data-id=\"474e6b2\" data-element_type=\"container\" data-e-type=\"container\">\n\t\t\t\t\t<div class=\"e-con-inner\">\n\t\t\t\t<div class=\"elementor-element elementor-element-9d39faa elementor-widget elementor-widget-heading\" data-id=\"9d39faa\" data-element_type=\"widget\" data-e-type=\"widget\" data-widget_type=\"heading.default\">\n\t\t\t\t\t<h2 class=\"elementor-heading-title elementor-size-default\">Ch\u00fang t\u00f4i cung c\u1ea5p c\u00e1c d\u1ecbch v\u1ee5<\/h2>\t\t\t\t<\/div>\n\t\t\t\t\t<\/div>\n\t\t\t\t<\/div>\n\t\t<div class=\"elementor-element elementor-element-ded106e e-flex e-con-boxed e-con e-parent\" data-id=\"ded106e\" data-element_type=\"container\" data-e-type=\"container\">\n\t\t\t\t\t<div class=\"e-con-inner\">\n\t\t\t\t<div class=\"elementor-element elementor-element-a0e3feb elementor-widget elementor-widget-shortcode\" data-id=\"a0e3feb\" data-element_type=\"widget\" data-e-type=\"widget\" data-widget_type=\"shortcode.default\">\n\t\t\t\t\t\t\t<div class=\"elementor-shortcode\">        <div class=\"eifec-top-projects\">\n                        <div class=\"eifec-top-card\">\n                <div class=\"eifec-top-card__image\">\n                    <img decoding=\"async\" src=\"https:\/\/eifec-design.lifetech-website.vn\/wp-content\/uploads\/2026\/03\/0fe31cdf-6a43-4299-bbc4-6f144cb0ff01-1024x768.png\" alt=\"HD HYUNDAI VIETNAM @ VIETSHIP 2025\" loading=\"lazy\">\n                <\/div>\n                <h3 class=\"eifec-top-card__title\">HD HYUNDAI VIETNAM @ VIETSHIP 2025<\/h3>\n                <a href=\"https:\/\/eifec-design.lifetech-website.vn\/en\/du-an\/hd-hyundai-vietnam-vietship-2025\/\" class=\"eifec-top-card__link\" aria-label=\"HD HYUNDAI VIETNAM @ VIETSHIP 2025\">\n                    <svg width=\"32\" height=\"32\" viewbox=\"0 0 24 24\" fill=\"none\" stroke=\"currentColor\" stroke-width=\"2\" stroke-linecap=\"round\" stroke-linejoin=\"round\" aria-hidden=\"true\"><polyline points=\"9 18 15 12 9 6\"\/><\/svg>\n                <\/a>\n            <\/div>\n                        <div class=\"eifec-top-card\">\n                <div class=\"eifec-top-card__image\">\n                    <img decoding=\"async\" src=\"https:\/\/eifec-design.lifetech-website.vn\/wp-content\/uploads\/2026\/03\/9a88c6fe-e87e-4c8b-9c96-7a27e0fa13e4-1024x768.png\" alt=\"VINACOMIN @ VIETNAM MINING AND CONSTRUCTION 2025\" loading=\"lazy\">\n                <\/div>\n                <h3 class=\"eifec-top-card__title\">VINACOMIN @ VIETNAM MINING AND CONSTRUCTION 2025<\/h3>\n                <a href=\"https:\/\/eifec-design.lifetech-website.vn\/en\/du-an\/vinacomin-vietnam-mining-and-construction-2025\/\" class=\"eifec-top-card__link\" aria-label=\"VINACOMIN @ VIETNAM MINING AND CONSTRUCTION 2025\">\n                    <svg width=\"32\" height=\"32\" viewbox=\"0 0 24 24\" fill=\"none\" stroke=\"currentColor\" stroke-width=\"2\" stroke-linecap=\"round\" stroke-linejoin=\"round\" aria-hidden=\"true\"><polyline points=\"9 18 15 12 9 6\"\/><\/svg>\n                <\/a>\n            <\/div>\n                        <div class=\"eifec-top-card\">\n                <div class=\"eifec-top-card__image\">\n                    <img decoding=\"async\" src=\"https:\/\/eifec-design.lifetech-website.vn\/wp-content\/uploads\/2026\/03\/1-scaled-1-1024x768.jpg\" alt=\"VINACOMIN @ MINING VIETNAM 2022\" loading=\"lazy\">\n                <\/div>\n                <h3 class=\"eifec-top-card__title\">VINACOMIN @ MINING VIETNAM 2022<\/h3>\n                <a href=\"https:\/\/eifec-design.lifetech-website.vn\/en\/du-an\/vinacomin-mining-vietnam-2022\/\" class=\"eifec-top-card__link\" aria-label=\"VINACOMIN @ MINING VIETNAM 2022\">\n                    <svg width=\"32\" height=\"32\" viewbox=\"0 0 24 24\" fill=\"none\" stroke=\"currentColor\" stroke-width=\"2\" stroke-linecap=\"round\" stroke-linejoin=\"round\" aria-hidden=\"true\"><polyline points=\"9 18 15 12 9 6\"\/><\/svg>\n                <\/a>\n            <\/div>\n                    <\/div>\n        <\/div>\n\t\t\t\t\t\t<\/div>\n\t\t\t\t\t<\/div>\n\t\t\t\t<\/div>\n\t\t<div class=\"elementor-element elementor-element-fe8f14c e-flex e-con-boxed e-con e-parent\" data-id=\"fe8f14c\" data-element_type=\"container\" data-e-type=\"container\">\n\t\t\t\t\t<div class=\"e-con-inner\">\n\t\t\t\t<div class=\"elementor-element elementor-element-2b50306 elementor-widget elementor-widget-heading\" data-id=\"2b50306\" data-element_type=\"widget\" data-e-type=\"widget\" data-widget_type=\"heading.default\">\n\t\t\t\t\t<h2 class=\"elementor-heading-title elementor-size-default\">Quy tr\u00ecnh tri\u1ec3n khai<\/h2>\t\t\t\t<\/div>\n\t\t\t\t\t<\/div>\n\t\t\t\t<\/div>\n\t\t<div class=\"elementor-element elementor-element-fe083eb e-flex e-con-boxed e-con e-parent\" data-id=\"fe083eb\" data-element_type=\"container\" data-e-type=\"container\">\n\t\t\t\t\t<div class=\"e-con-inner\">\n\t\t<div class=\"elementor-element elementor-element-45b91de e-grid e-con-full e-con e-child\" data-id=\"45b91de\" data-element_type=\"container\" data-e-type=\"container\" id=\"quytrinh\" data-settings=\"{&quot;background_background&quot;:&quot;classic&quot;}\">\n\t\t\t\t<div class=\"elementor-element elementor-element-da40430 box_quytrinh elementor-position-top elementor-widget elementor-widget-image-box\" data-id=\"da40430\" data-element_type=\"widget\" data-e-type=\"widget\" data-widget_type=\"image-box.default\">\n\t\t\t\t\t<div class=\"elementor-image-box-wrapper\"><figure class=\"elementor-image-box-img\"><img fetchpriority=\"high\" decoding=\"async\" width=\"256\" height=\"256\" src=\"https:\/\/eifec-design.lifetech-website.vn\/wp-content\/uploads\/2026\/04\/cooperation.png\" class=\"attachment-full size-full wp-image-452\" alt=\"\" srcset=\"https:\/\/eifec-design.lifetech-website.vn\/wp-content\/uploads\/2026\/04\/cooperation.png 256w, https:\/\/eifec-design.lifetech-website.vn\/wp-content\/uploads\/2026\/04\/cooperation-150x150.png 150w, https:\/\/eifec-design.lifetech-website.vn\/wp-content\/uploads\/2026\/04\/cooperation-12x12.png 12w\" sizes=\"(max-width: 256px) 100vw, 256px\" \/><\/figure><div class=\"elementor-image-box-content\"><h3 class=\"elementor-image-box-title\">1<\/h3><p class=\"elementor-image-box-description\">Ti\u1ebfp nh\u1eadn y\u00eau c\u1ea7u v\u00e0 m\u1ee5c ti\u00eau d\u1ef1 \u00e1n<\/p><\/div><\/div>\t\t\t\t<\/div>\n\t\t\t\t<div class=\"elementor-element elementor-element-a720c8f box_quytrinh elementor-position-top elementor-widget elementor-widget-image-box\" data-id=\"a720c8f\" data-element_type=\"widget\" data-e-type=\"widget\" data-widget_type=\"image-box.default\">\n\t\t\t\t\t<div class=\"elementor-image-box-wrapper\"><figure class=\"elementor-image-box-img\"><img decoding=\"async\" width=\"256\" height=\"256\" src=\"https:\/\/eifec-design.lifetech-website.vn\/wp-content\/uploads\/2026\/04\/agreement.png\" class=\"attachment-full size-full wp-image-451\" alt=\"\" srcset=\"https:\/\/eifec-design.lifetech-website.vn\/wp-content\/uploads\/2026\/04\/agreement.png 256w, https:\/\/eifec-design.lifetech-website.vn\/wp-content\/uploads\/2026\/04\/agreement-150x150.png 150w, https:\/\/eifec-design.lifetech-website.vn\/wp-content\/uploads\/2026\/04\/agreement-12x12.png 12w\" sizes=\"(max-width: 256px) 100vw, 256px\" \/><\/figure><div class=\"elementor-image-box-content\"><h3 class=\"elementor-image-box-title\">2<\/h3><p class=\"elementor-image-box-description\">\u0110\u1ec1 xu\u1ea5t \u00fd t\u01b0\u1eddng v\u00e0 ph\u01b0\u01a1ng \u00e1n thi\u1ebft k\u1ebf<\/p><\/div><\/div>\t\t\t\t<\/div>\n\t\t\t\t<div class=\"elementor-element elementor-element-7fd7094 box_quytrinh elementor-position-top elementor-widget elementor-widget-image-box\" data-id=\"7fd7094\" data-element_type=\"widget\" data-e-type=\"widget\" data-widget_type=\"image-box.default\">\n\t\t\t\t\t<div class=\"elementor-image-box-wrapper\"><figure class=\"elementor-image-box-img\"><img fetchpriority=\"high\" decoding=\"async\" width=\"256\" height=\"256\" src=\"https:\/\/eifec-design.lifetech-website.vn\/wp-content\/uploads\/2026\/04\/cooperation.png\" class=\"attachment-full size-full wp-image-452\" alt=\"\" srcset=\"https:\/\/eifec-design.lifetech-website.vn\/wp-content\/uploads\/2026\/04\/cooperation.png 256w, https:\/\/eifec-design.lifetech-website.vn\/wp-content\/uploads\/2026\/04\/cooperation-150x150.png 150w, https:\/\/eifec-design.lifetech-website.vn\/wp-content\/uploads\/2026\/04\/cooperation-12x12.png 12w\" sizes=\"(max-width: 256px) 100vw, 256px\" \/><\/figure><div class=\"elementor-image-box-content\"><h3 class=\"elementor-image-box-title\">3<\/h3><p class=\"elementor-image-box-description\">Ho\u00e0n thi\u1ec7n thi\u1ebft k\u1ebf k\u1ef9 thu\u1eadt v\u00e0 b\u00e1o gi\u00e1<\/p><\/div><\/div>\t\t\t\t<\/div>\n\t\t\t\t<div class=\"elementor-element elementor-element-7d0170c box_quytrinh elementor-position-top elementor-widget elementor-widget-image-box\" data-id=\"7d0170c\" data-element_type=\"widget\" data-e-type=\"widget\" data-widget_type=\"image-box.default\">\n\t\t\t\t\t<div class=\"elementor-image-box-wrapper\"><figure class=\"elementor-image-box-img\"><img fetchpriority=\"high\" decoding=\"async\" width=\"256\" height=\"256\" src=\"https:\/\/eifec-design.lifetech-website.vn\/wp-content\/uploads\/2026\/04\/cooperation.png\" class=\"attachment-full size-full wp-image-452\" alt=\"\" srcset=\"https:\/\/eifec-design.lifetech-website.vn\/wp-content\/uploads\/2026\/04\/cooperation.png 256w, https:\/\/eifec-design.lifetech-website.vn\/wp-content\/uploads\/2026\/04\/cooperation-150x150.png 150w, https:\/\/eifec-design.lifetech-website.vn\/wp-content\/uploads\/2026\/04\/cooperation-12x12.png 12w\" sizes=\"(max-width: 256px) 100vw, 256px\" \/><\/figure><div class=\"elementor-image-box-content\"><h3 class=\"elementor-image-box-title\">4<\/h3><p class=\"elementor-image-box-description\">Thi c\u00f4ng l\u1eafp \u0111\u1eb7t v\u00e0 gi\u00e1m s\u00e1t ch\u1ea5t l\u01b0\u1ee3ng<\/p><\/div><\/div>\t\t\t\t<\/div>\n\t\t\t\t<div class=\"elementor-element elementor-element-c036028 box_quytrinh elementor-position-top elementor-widget elementor-widget-image-box\" data-id=\"c036028\" data-element_type=\"widget\" data-e-type=\"widget\" data-widget_type=\"image-box.default\">\n\t\t\t\t\t<div class=\"elementor-image-box-wrapper\"><figure class=\"elementor-image-box-img\"><img fetchpriority=\"high\" decoding=\"async\" width=\"256\" height=\"256\" src=\"https:\/\/eifec-design.lifetech-website.vn\/wp-content\/uploads\/2026\/04\/cooperation.png\" class=\"attachment-full size-full wp-image-452\" alt=\"\" srcset=\"https:\/\/eifec-design.lifetech-website.vn\/wp-content\/uploads\/2026\/04\/cooperation.png 256w, https:\/\/eifec-design.lifetech-website.vn\/wp-content\/uploads\/2026\/04\/cooperation-150x150.png 150w, https:\/\/eifec-design.lifetech-website.vn\/wp-content\/uploads\/2026\/04\/cooperation-12x12.png 12w\" sizes=\"(max-width: 256px) 100vw, 256px\" \/><\/figure><div class=\"elementor-image-box-content\"><h3 class=\"elementor-image-box-title\">5<\/h3><p class=\"elementor-image-box-description\">B\u00e0n giao, h\u1ed7 tr\u1ee3 v\u1eadn h\u00e0nh trong su\u1ed1t th\u1eddi gian di\u1ec5n ra s\u1ef1 ki\u1ec7n<\/p><\/div><\/div>\t\t\t\t<\/div>\n\t\t\t\t<\/div>\n\t\t\t\t\t<\/div>\n\t\t\t\t<\/div>\n\t\t<div class=\"elementor-element elementor-element-846583f e-flex e-con-boxed e-con e-parent\" data-id=\"846583f\" data-element_type=\"container\" data-e-type=\"container\">\n\t\t\t\t\t<div class=\"e-con-inner\">\n\t\t\t\t<div class=\"elementor-element elementor-element-1433e92 elementor-widget elementor-widget-heading\" data-id=\"1433e92\" data-element_type=\"widget\" data-e-type=\"widget\" data-widget_type=\"heading.default\">\n\t\t\t\t\t<h2 class=\"elementor-heading-title elementor-size-default\">D\u1ef1 \u00e1n ti\u00eau bi\u1ec3u c\u1ee7a ch\u00fang t\u00f4i<\/h2>\t\t\t\t<\/div>\n\t\t\t\t\t<\/div>\n\t\t\t\t<\/div>\n\t\t<div class=\"elementor-element elementor-element-b1af80c e-flex e-con-boxed e-con e-parent\" data-id=\"b1af80c\" data-element_type=\"container\" data-e-type=\"container\">\n\t\t\t\t\t<div class=\"e-con-inner\">\n\t\t<div class=\"elementor-element elementor-element-0bb5c71 e-grid e-con-full e-con e-child\" data-id=\"0bb5c71\" data-element_type=\"container\" data-e-type=\"container\">\n\t\t\t\t<div class=\"elementor-element elementor-element-74c5195 elementor-widget elementor-widget-video\" data-id=\"74c5195\" data-element_type=\"widget\" data-e-type=\"widget\" data-settings=\"{&quot;video_type&quot;:&quot;hosted&quot;,&quot;autoplay&quot;:&quot;yes&quot;,&quot;mute&quot;:&quot;yes&quot;,&quot;loop&quot;:&quot;yes&quot;,&quot;controls&quot;:&quot;yes&quot;}\" data-widget_type=\"video.default\">\n\t\t\t\t\t\t\t<div class=\"e-hosted-video elementor-wrapper elementor-open-inline\">\n\t\t\t\t\t<video class=\"elementor-video\" src=\"http:\/\/eifec-design.lifetech-website.vn\/wp-content\/uploads\/2026\/03\/0127.mp4\" autoplay=\"\" loop=\"\" controls=\"\" muted=\"muted\" controlslist=\"nodownload\"><\/video>\n\t\t\t\t<\/div>\n\t\t\t\t\t\t<\/div>\n\t\t<div class=\"elementor-element elementor-element-ef7a9bd e-con-full e-flex e-con e-child\" data-id=\"ef7a9bd\" data-element_type=\"container\" data-e-type=\"container\" data-settings=\"{&quot;background_background&quot;:&quot;classic&quot;}\">\n\t\t\t\t<div class=\"elementor-element elementor-element-23b6284 elementor-widget elementor-widget-text-editor\" data-id=\"23b6284\" data-element_type=\"widget\" data-e-type=\"widget\" data-widget_type=\"text-editor.default\">\n\t\t\t\t\t\t\t\t\t<p>EIFEC \u0111\u00e3 tri\u1ec3n khai nhi\u1ec1u d\u1ef1 \u00e1n thi\u1ebft k\u00e9 v\u00e0 thi c\u00f4ng gian h\u00e0ng, pavilion, kh\u00f4ng gian tr\u01b0ng b\u00e0y v\u00e0 s\u1ef1 ki\u1ec7n cho c\u00e1c doanh nghi\u1ec7p , t\u1eadp \u0111o\u00e0n v\u00e0 t\u1ed5 ch\u1ee9c trong n\u01b0\u1edbc v\u00e0 qu\u1ed1c t\u1ebf, t\u1ea1i Vi\u1ec7t Nam c\u0169ng nh\u01b0 c\u00e1c th\u1ecb tr\u01b0\u1eddng tri\u1ec3n l\u00e3m tr\u1ecdng \u0111i\u1ec3m<\/p>\t\t\t\t\t\t\t\t<\/div>\n\t\t\t\t<div class=\"elementor-element elementor-element-32a9bbe elementor-align-justify elementor-widget__width-initial elementor-widget elementor-widget-button\" data-id=\"32a9bbe\" data-element_type=\"widget\" data-e-type=\"widget\" data-widget_type=\"button.default\">\n\t\t\t\t\t\t\t\t\t\t<a class=\"elementor-button elementor-button-link elementor-size-sm\" href=\"#\">\n\t\t\t\t\t\t<span class=\"elementor-button-content-wrapper\">\n\t\t\t\t\t\t\t\t\t<span class=\"elementor-button-text\">XEM C\u00c1C D\u1ef0 \u00c1N TI\u00caU BI\u1ec2U<\/span>\n\t\t\t\t\t<\/span>\n\t\t\t\t\t<\/a>\n\t\t\t\t\t\t\t\t<\/div>\n\t\t\t\t<\/div>\n\t\t\t\t<\/div>\n\t\t\t\t\t<\/div>\n\t\t\t\t<\/div>\n\t\t<div class=\"elementor-element elementor-element-eae8c8f e-flex e-con-boxed e-con e-parent\" data-id=\"eae8c8f\" data-element_type=\"container\" data-e-type=\"container\">\n\t\t\t\t\t<div class=\"e-con-inner\">\n\t\t<div class=\"elementor-element elementor-element-2f78ec0 e-con-full e-flex e-con e-child\" data-id=\"2f78ec0\" data-element_type=\"container\" data-e-type=\"container\" data-settings=\"{&quot;background_background&quot;:&quot;classic&quot;}\">\n\t\t\t\t<div class=\"elementor-element elementor-element-d93a1fb elementor-widget elementor-widget-heading\" data-id=\"d93a1fb\" data-element_type=\"widget\" data-e-type=\"widget\" data-widget_type=\"heading.default\">\n\t\t\t\t\t<h3 class=\"elementor-heading-title elementor-size-default\">B\u1eaft \u0111\u1ea7u d\u1ef1 \u00e1n thi\u1ebft k\u1ebf - thi c\u00f4ng kh\u00f4ng gian tr\u01b0ng b\u00e0y c\u1ee7a b\u1ea1n<\/h3>\t\t\t\t<\/div>\n\t\t\t\t<div class=\"elementor-element elementor-element-2c06a1d elementor-widget elementor-widget-heading\" data-id=\"2c06a1d\" data-element_type=\"widget\" data-e-type=\"widget\" data-widget_type=\"heading.default\">\n\t\t\t\t\t<h2 class=\"elementor-heading-title elementor-size-default\">K\u1ebft n\u1ed1i v\u1edbi ch\u00fang t\u00f4i \u0111\u1ec3 x\u00e2y d\u1ef1ng gi\u1ea3i ph\u00e1p thi\u1ebft k\u1ebf &amp; thi c\u00f4ng ph\u00f9 h\u1ee3p nh\u1ea5t v\u1edbi m\u1ee5c ti\u00eau v\u00e0 ng\u00e2n s\u00e1ch c\u1ee7a b\u1ea1n<\/h2>\t\t\t\t<\/div>\n\t\t<div class=\"elementor-element elementor-element-e0b861c e-grid e-con-full e-con e-child\" data-id=\"e0b861c\" data-element_type=\"container\" data-e-type=\"container\">\n\t\t<div class=\"elementor-element elementor-element-b24ebcf e-con-full e-flex e-con e-child\" data-id=\"b24ebcf\" data-element_type=\"container\" data-e-type=\"container\">\n\t\t\t\t<div class=\"elementor-element elementor-element-0d84d55 elementor-align-justify elementor-widget__width-initial elementor-widget elementor-widget-button\" data-id=\"0d84d55\" data-element_type=\"widget\" data-e-type=\"widget\" data-widget_type=\"button.default\">\n\t\t\t\t\t\t\t\t\t\t<a class=\"elementor-button elementor-button-link elementor-size-sm\" href=\"#\">\n\t\t\t\t\t\t<span class=\"elementor-button-content-wrapper\">\n\t\t\t\t\t\t\t\t\t<span class=\"elementor-button-text\">TRAO \u0110\u1ed4I Y\u00caU C\u1ea6U D\u1ef0 \u00c1N C\u00d9NG EIFEC<\/span>\n\t\t\t\t\t<\/span>\n\t\t\t\t\t<\/a>\n\t\t\t\t\t\t\t\t<\/div>\n\t\t\t\t<\/div>\n\t\t<div class=\"elementor-element elementor-element-4d2ca6e e-con-full e-flex e-con e-child\" data-id=\"4d2ca6e\" data-element_type=\"container\" data-e-type=\"container\">\n\t\t\t\t<div class=\"elementor-element elementor-element-8d56866 elementor-align-justify elementor-widget elementor-widget-button\" data-id=\"8d56866\" data-element_type=\"widget\" data-e-type=\"widget\" data-widget_type=\"button.default\">\n\t\t\t\t\t\t\t\t\t\t<a class=\"elementor-button elementor-button-link elementor-size-sm\" href=\"#\">\n\t\t\t\t\t\t<span class=\"elementor-button-content-wrapper\">\n\t\t\t\t\t\t\t\t\t<span class=\"elementor-button-text\">\u0110\u0102NG K\u00dd T\u01af V\u1ea4N THI\u1ebeT K\u1ebe V\u00c0 THI C\u00d4NG<\/span>\n\t\t\t\t\t<\/span>\n\t\t\t\t\t<\/a>\n\t\t\t\t\t\t\t\t<\/div>\n\t\t\t\t<\/div>\n\t\t\t\t<\/div>\n\t\t\t\t<\/div>\n\t\t\t\t\t<\/div>\n\t\t\t\t<\/div>\n\t\t\t\t<\/div>","protected":false},"excerpt":{"rendered":"<p>Thi\u1ebft k\u1ebf chi\u1ebfn l\u01b0\u1ee3cThi c\u00f4ng chu\u1ea9n qu\u1ed1c t\u1ebf TRAO \u0110\u1ed4I Y\u00caU C\u1ea6U D\u1ef0 \u00c1N C\u00d9NG EIFEC XEM D\u1ef0 \u00c1N TI\u00caU BI\u1ec2U L\u1ee3i th\u1ebf khi ch\u1ecdn Eifec T\u01b0 v\u1ea5n m\u00f4 h\u00ecnh v\u00e0 \u0111\u1ecbnh h\u01b0\u1edbng tri\u1ec3n l\u00e3m chuy\u00ean ng\u00e0nh \u0110\u1ed3ng t\u1ed5 ch\u1ee9c v\u00e0 \u0111i\u1ec1u ph\u1ed1i tri\u1ec3n khai theo ti\u00eau chu\u1ea9n qu\u1ed1c t\u1ebf K\u1ebft n\u1ed1i doanh nghi\u1ec7p, hi\u1ec7p [&hellip;]<\/p>\n","protected":false},"author":1,"featured_media":0,"parent":0,"menu_order":3,"comment_status":"closed","ping_status":"closed","template":"","meta":{"footnotes":""},"class_list":["post-373","page","type-page","status-publish","hentry"],"_links":{"self":[{"href":"https:\/\/eifec-design.lifetech-website.vn\/en\/wp-json\/wp\/v2\/pages\/373","targetHints":{"allow":["GET"]}}],"collection":[{"href":"https:\/\/eifec-design.lifetech-website.vn\/en\/wp-json\/wp\/v2\/pages"}],"about":[{"href":"https:\/\/eifec-design.lifetech-website.vn\/en\/wp-json\/wp\/v2\/types\/page"}],"author":[{"embeddable":true,"href":"https:\/\/eifec-design.lifetech-website.vn\/en\/wp-json\/wp\/v2\/users\/1"}],"replies":[{"embeddable":true,"href":"https:\/\/eifec-design.lifetech-website.vn\/en\/wp-json\/wp\/v2\/comments?post=373"}],"version-history":[{"count":10,"href":"https:\/\/eifec-design.lifetech-website.vn\/en\/wp-json\/wp\/v2\/pages\/373\/revisions"}],"predecessor-version":[{"id":461,"href":"https:\/\/eifec-design.lifetech-website.vn\/en\/wp-json\/wp\/v2\/pages\/373\/revisions\/461"}],"wp:attachment":[{"href":"https:\/\/eifec-design.lifetech-website.vn\/en\/wp-json\/wp\/v2\/media?parent=373"}],"curies":[{"name":"wp","href":"https:\/\/api.w.org\/{rel}","templated":true}]}}