{"id":375,"date":"2026-04-01T02:55:15","date_gmt":"2026-04-01T01:55:15","guid":{"rendered":"https:\/\/eifec-design.lifetech-website.vn\/?page_id=375"},"modified":"2026-04-01T19:58:02","modified_gmt":"2026-04-01T18:58:02","slug":"lien-he-2","status":"publish","type":"page","link":"https:\/\/eifec-design.lifetech-website.vn\/en\/lien-he-2\/","title":{"rendered":"Li\u00ean h\u1ec7"},"content":{"rendered":"<div data-elementor-type=\"wp-page\" data-elementor-id=\"375\" class=\"elementor elementor-375\" data-elementor-post-type=\"page\">\n\t\t\t\t<div class=\"elementor-element elementor-element-c0c8973 e-flex e-con-boxed e-con e-parent\" data-id=\"c0c8973\" data-element_type=\"container\" data-e-type=\"container\">\n\t\t\t\t\t<div class=\"e-con-inner\">\n\t\t\t\t<div class=\"elementor-element elementor-element-0235803 elementor-widget elementor-widget-heading\" data-id=\"0235803\" data-element_type=\"widget\" data-e-type=\"widget\" data-widget_type=\"heading.default\">\n\t\t\t\t\t<h2 class=\"elementor-heading-title elementor-size-default\">Li\u00ean h\u1ec7 v\u1edbi Eifec<\/h2>\t\t\t\t<\/div>\n\t\t\t\t\t<\/div>\n\t\t\t\t<\/div>\n\t\t<div class=\"elementor-element elementor-element-47471ed e-flex e-con-boxed e-con e-parent\" data-id=\"47471ed\" data-element_type=\"container\" data-e-type=\"container\">\n\t\t\t\t\t<div class=\"e-con-inner\">\n\t\t<div class=\"elementor-element elementor-element-6afbac6 e-con-full e-flex e-con e-child\" data-id=\"6afbac6\" data-element_type=\"container\" data-e-type=\"container\" data-settings=\"{&quot;background_background&quot;:&quot;classic&quot;}\">\n\t\t\t\t<div class=\"elementor-element elementor-element-63c086e elementor-widget elementor-widget-text-editor\" data-id=\"63c086e\" data-element_type=\"widget\" data-e-type=\"widget\" data-widget_type=\"text-editor.default\">\n\t\t\t\t\t\t\t\t\t<p>Eiffec s\u1eb5n s\u00e0ng trao \u0111\u1ed5i v\u00e0 \u0111\u1ed3ng h\u00e0nh c\u00f9ng doanh nghi\u1ec7p, t\u1ed5 ch\u1ee9c v\u00e0 \u0111\u1ed1i t\u00e1c trong c\u00e1c ho\u1ea1t \u0111\u1ed9ng:<\/p><ul><li><strong>T\u1ed5 ch\u1ee9c v\u00e0 than gia tri\u1ec3n l\u00e3m trong n\u01b0\u1edbc v\u00e0 qu\u1ed1c t\u1ebf<\/strong><\/li><li><strong>Thi\u1ebft k\u1ebf v\u00e0 thi c\u00f4ng gian h\u00e0ng tri\u1ec3n l\u00e3m, kh\u00f4ng gian tr\u01b0ng b\u00e0y, s\u1ef1 ki\u1ec7n<\/strong><\/li><li><strong>H\u1ee3p t\u00e1c t\u1ed5 ch\u1ee9c tri\u1ec3n l\u00e3m, Ntaional Pavilion, d\u1ef1 \u00e1n x\u00fac ti\u1ebfn th\u01b0\u01a1ng m\u1ea1i<\/strong><\/li><li><strong>T\u01b0 v\u1ea5n chi\u1ebfn l\u01b0\u1ee3t tham gia tri\u1ec3n l\u00e3m theo ng\u00e0nh h\u00e0ng &amp; th\u1ecb tr\u01b0\u1eddng m\u1ee5c ti\u00eau<\/strong><\/li><\/ul>\t\t\t\t\t\t\t\t<\/div>\n\t\t<div class=\"elementor-element elementor-element-57a4af7 e-con-full e-flex e-con e-child\" data-id=\"57a4af7\" data-element_type=\"container\" data-e-type=\"container\" data-settings=\"{&quot;background_background&quot;:&quot;classic&quot;}\">\n\t\t<div class=\"elementor-element elementor-element-ce12288 e-con-full e-flex e-con e-child\" data-id=\"ce12288\" data-element_type=\"container\" data-e-type=\"container\" data-settings=\"{&quot;background_background&quot;:&quot;classic&quot;}\">\n\t\t\t\t<\/div>\n\t\t<div class=\"elementor-element elementor-element-e051e60 e-con-full e-flex e-con e-child\" data-id=\"e051e60\" data-element_type=\"container\" data-e-type=\"container\">\n\t\t\t\t<div class=\"elementor-element elementor-element-6bd080d elementor-widget elementor-widget-shortcode\" data-id=\"6bd080d\" data-element_type=\"widget\" data-e-type=\"widget\" id=\"form_lienhe_page\" data-widget_type=\"shortcode.default\">\n\t\t\t\t\t\t\t<div class=\"elementor-shortcode\"><div class=\"efct-contact-form-wrap\">\n            <p class=\"efct-form-description\">VUI L\u00d2NG \u0110\u1ec2 L\u1ea0I TH\u00d4NG TIN, EIFFEC S\u1ebc PH\u1ea2N H\u1ed2I TRONG TH\u1edcI GIAN S\u1edaN NH\u1ea4T<\/p>\n    \n    <form id=\"efct-form\" class=\"efct-form\" novalidate action=\"\">\n        <div class=\"efct-form-row\">\n            <label for=\"efct-fullname\">H\u1ecd t\u00ean <span class=\"req\">*<\/span><\/label>\n            <input type=\"text\" id=\"efct-fullname\" name=\"fullname\" placeholder=\"Nh\u1eadp h\u1ecd t\u00ean\" required>\n        <\/div>\n                <div class=\"efct-form-row\">\n            <label for=\"efct-company\">Doanh nghi\u1ec7p\/T\u1ed5 ch\u1ee9c<\/label>\n            <input type=\"text\" id=\"efct-company\" name=\"company\" placeholder=\"Nh\u1eadp t\u00ean doanh nghi\u1ec7p\/t\u1ed5 ch\u1ee9c\">\n        <\/div>\n                <div class=\"efct-form-cols\">\n            <div class=\"efct-form-row\">\n                <label for=\"efct-phone\">\u0110i\u1ec7n tho\u1ea1i <span class=\"req\">*<\/span><\/label>\n                <input type=\"tel\" id=\"efct-phone\" name=\"phone\" placeholder=\"Nh\u1eadp s\u1ed1 \u0111i\u1ec7n tho\u1ea1i\" required>\n            <\/div>\n            <div class=\"efct-form-row\">\n                <label for=\"efct-email\">Email <span class=\"req\">*<\/span><\/label>\n                <input type=\"email\" id=\"efct-email\" name=\"email\" placeholder=\"Nh\u1eadp email\" required>\n            <\/div>\n        <\/div>\n\n        <div class=\"efct-form-row\">\n            <label for=\"efct-interest\">L\u0129nh v\u1ef1c quan t\u00e2m <span class=\"req\">*<\/span><\/label>\n            <select id=\"efct-interest\" name=\"interest\" required>\n                <option value=\"\">\u2014 Ch\u1ecdn l\u0129nh v\u1ef1c \u2014<\/option>\n                                <option value=\"Tham gia tri\u1ec3n l\u00e3m\">Tham gia tri\u1ec3n l\u00e3m<\/option>\n                                <option value=\"T\u00e0i tr\u1ee3 s\u1ef1 ki\u1ec7n\">T\u00e0i tr\u1ee3 s\u1ef1 ki\u1ec7n<\/option>\n                                <option value=\"H\u1ee3p t\u00e1c kinh doanh\">H\u1ee3p t\u00e1c kinh doanh<\/option>\n                                <option value=\"Kh\u00e1c\">Kh\u00e1c<\/option>\n                            <\/select>\n        <\/div>\n\n                <div class=\"efct-form-row\">\n            <label for=\"efct-message\">N\u1ed9i dung li\u00ean h\u1ec7<\/label>\n            <textarea id=\"efct-message\" name=\"message\" rows=\"5\"\n                placeholder=\"Vui l\u00f2ng m\u00f4 t\u1ea3 ng\u1eafn g\u1ecdn nhu c\u1ea7u c\u1ee7a qu\u00fd doanh nghi\u1ec7p (Tri\u1ec3n l\u00e3m quan t\u00e2m, th\u1eddi gian, th\u1ecb tr\u01b0\u1eddng, quy m\u00f4 d\u1ef1 ki\u1ebfn...)\"><\/textarea>\n        <\/div>\n        \n        <div class=\"efct-form-row efct-form-actions\">\n            <button type=\"submit\" class=\"efct-submit-btn\" id=\"efct-submit\">\n                <span class=\"efct-btn-text\">Trao \u0111\u1ed5i c\u00f9ng Eifec<\/span>\n                <span class=\"efct-btn-loading\" style=\"display:none\">\n                    <span class=\"efct-spinner\"><\/span> \u0110ang g\u1eedi\u2026\n                <\/span>\n            <\/button>\n        <\/div>\n\n        <div id=\"efct-message-box\" class=\"efct-message-box\" style=\"display:none\"><\/div>\n    <input type=\"hidden\" name=\"trp-form-language\" value=\"en\"\/><\/form>\n<\/div>\n<\/div>\n\t\t\t\t\t\t<\/div>\n\t\t\t\t<\/div>\n\t\t\t\t<\/div>\n\t\t\t\t<\/div>\n\t\t\t\t\t<\/div>\n\t\t\t\t<\/div>\n\t\t<div class=\"elementor-element elementor-element-93e8b9b e-flex e-con-boxed e-con e-parent\" data-id=\"93e8b9b\" data-element_type=\"container\" data-e-type=\"container\">\n\t\t\t\t\t<div class=\"e-con-inner\">\n\t\t\t\t<div class=\"elementor-element elementor-element-b9ead7f elementor-widget elementor-widget-heading\" data-id=\"b9ead7f\" data-element_type=\"widget\" data-e-type=\"widget\" data-widget_type=\"heading.default\">\n\t\t\t\t\t<h2 class=\"elementor-heading-title elementor-size-default\">Th\u00f4ng tin li\u00ean h\u1ec7 tr\u1ef1c ti\u1ebfp<\/h2>\t\t\t\t<\/div>\n\t\t\t\t\t<\/div>\n\t\t\t\t<\/div>\n\t\t<div class=\"elementor-element elementor-element-685d0f4 e-flex e-con-boxed e-con e-parent\" data-id=\"685d0f4\" data-element_type=\"container\" data-e-type=\"container\">\n\t\t\t\t\t<div class=\"e-con-inner\">\n\t\t<div class=\"elementor-element elementor-element-4ac9b1e e-con-full e-flex e-con e-child\" data-id=\"4ac9b1e\" data-element_type=\"container\" data-e-type=\"container\" data-settings=\"{&quot;background_background&quot;:&quot;classic&quot;}\">\n\t\t\t\t<div class=\"elementor-element elementor-element-d726ffd elementor-widget elementor-widget-text-editor\" data-id=\"d726ffd\" data-element_type=\"widget\" data-e-type=\"widget\" data-widget_type=\"text-editor.default\">\n\t\t\t\t\t\t\t\t\t<h5><strong>C\u00f4ng ty THH EIFEC<\/strong><\/h5><p><strong>\u0110\u1ecba ch\u1ec9:<\/strong> Ph\u00f2ng G3-2401, T\u1ea7ng 24, T\u00f2a G3, K\u0110T Vinhome Green Bay, S\u1ed1 7 \u0110\u1ea1i l\u1ed9 Th\u0103ng Long, Ph\u01b0\u1eddng M\u1ec5 Tr\u00ec, Qu\u1eadn Nam T\u1eeb Li\u00eam, H\u00e0 N\u1ed9i, Vi\u1ec7t Nam<\/p><p><strong>Email:<\/strong> info@eifec.com.vn<\/p><p><strong>\u0110i\u1ec7n tho\u1ea1i:<\/strong> +84(0)24 7305 6788 | +84(0)24 3992 7489<\/p>\t\t\t\t\t\t\t\t<\/div>\n\t\t\t\t<div class=\"elementor-element elementor-element-ca9840f elementor-widget elementor-widget-google_maps\" data-id=\"ca9840f\" data-element_type=\"widget\" data-e-type=\"widget\" data-widget_type=\"google_maps.default\">\n\t\t\t\t\t\t\t<div class=\"elementor-custom-embed\">\n\t\t\t<iframe loading=\"lazy\"\n\t\t\t\t\tsrc=\"https:\/\/maps.google.com\/maps?q=T%C3%B2a%20G3%2C%20K%C4%90T%20Vinhome%20Green%20Bay%2C%20S%E1%BB%91%207%20%C4%90%E1%BA%A1i%20l%E1%BB%99%20Th%C4%83ng%20Long%2C%20Ph%C6%B0%E1%BB%9Dng%20M%E1%BB%85%20Tr%C3%AC%2C%20Qu%E1%BA%ADn%20Nam%20T%E1%BB%AB%20Li%C3%AAm%2C%20H%C3%A0%20N%E1%BB%99i%2C%20Vi%E1%BB%87t%20Nam&#038;t=m&#038;z=10&#038;output=embed&#038;iwloc=near\"\n\t\t\t\t\ttitle=\"T\u00f2a G3, K\u0110T Vinhome Green Bay, S\u1ed1 7 \u0110\u1ea1i l\u1ed9 Th\u0103ng Long, Ph\u01b0\u1eddng M\u1ec5 Tr\u00ec, Qu\u1eadn Nam T\u1eeb Li\u00eam, H\u00e0 N\u1ed9i, Vi\u1ec7t Nam\"\n\t\t\t\t\taria-label=\"T\u00f2a G3, K\u0110T Vinhome Green Bay, S\u1ed1 7 \u0110\u1ea1i l\u1ed9 Th\u0103ng Long, Ph\u01b0\u1eddng M\u1ec5 Tr\u00ec, Qu\u1eadn Nam T\u1eeb Li\u00eam, H\u00e0 N\u1ed9i, Vi\u1ec7t Nam\"\n\t\t\t><\/iframe>\n\t\t<\/div>\n\t\t\t\t\t\t<\/div>\n\t\t\t\t<\/div>\n\t\t\t\t\t<\/div>\n\t\t\t\t<\/div>\n\t\t\t\t<\/div>","protected":false},"excerpt":{"rendered":"<p>Li\u00ean h\u1ec7 v\u1edbi Eifec Eiffec s\u1eb5n s\u00e0ng trao \u0111\u1ed5i v\u00e0 \u0111\u1ed3ng h\u00e0nh c\u00f9ng doanh nghi\u1ec7p, t\u1ed5 ch\u1ee9c v\u00e0 \u0111\u1ed1i t\u00e1c trong c\u00e1c ho\u1ea1t \u0111\u1ed9ng: T\u1ed5 ch\u1ee9c v\u00e0 than gia tri\u1ec3n l\u00e3m trong n\u01b0\u1edbc v\u00e0 qu\u1ed1c t\u1ebf Thi\u1ebft k\u1ebf v\u00e0 thi c\u00f4ng gian h\u00e0ng tri\u1ec3n l\u00e3m, kh\u00f4ng gian tr\u01b0ng b\u00e0y, s\u1ef1 ki\u1ec7n H\u1ee3p t\u00e1c t\u1ed5 ch\u1ee9c [&hellip;]<\/p>\n","protected":false},"author":1,"featured_media":0,"parent":0,"menu_order":4,"comment_status":"closed","ping_status":"closed","template":"","meta":{"footnotes":""},"class_list":["post-375","page","type-page","status-publish","hentry"],"_links":{"self":[{"href":"https:\/\/eifec-design.lifetech-website.vn\/en\/wp-json\/wp\/v2\/pages\/375","targetHints":{"allow":["GET"]}}],"collection":[{"href":"https:\/\/eifec-design.lifetech-website.vn\/en\/wp-json\/wp\/v2\/pages"}],"about":[{"href":"https:\/\/eifec-design.lifetech-website.vn\/en\/wp-json\/wp\/v2\/types\/page"}],"author":[{"embeddable":true,"href":"https:\/\/eifec-design.lifetech-website.vn\/en\/wp-json\/wp\/v2\/users\/1"}],"replies":[{"embeddable":true,"href":"https:\/\/eifec-design.lifetech-website.vn\/en\/wp-json\/wp\/v2\/comments?post=375"}],"version-history":[{"count":16,"href":"https:\/\/eifec-design.lifetech-website.vn\/en\/wp-json\/wp\/v2\/pages\/375\/revisions"}],"predecessor-version":[{"id":479,"href":"https:\/\/eifec-design.lifetech-website.vn\/en\/wp-json\/wp\/v2\/pages\/375\/revisions\/479"}],"wp:attachment":[{"href":"https:\/\/eifec-design.lifetech-website.vn\/en\/wp-json\/wp\/v2\/media?parent=375"}],"curies":[{"name":"wp","href":"https:\/\/api.w.org\/{rel}","templated":true}]}}